{"id":18345,"date":"2020-12-29T10:00:00","date_gmt":"2020-12-29T10:00:00","guid":{"rendered":"https:\/\/keenitsolutions.com\/products\/wordpress\/braintech\/?page_id=18345"},"modified":"2025-10-27T12:28:48","modified_gmt":"2025-10-27T11:28:48","slug":"home-7","status":"publish","type":"page","link":"https:\/\/www.workman.com.pl\/","title":{"rendered":"Strona g\u0142\u00f3wna"},"content":{"rendered":"\t\t<div data-elementor-type=\"wp-page\" data-elementor-id=\"18345\" class=\"elementor elementor-18345\">\n\t\t\t\t\t\t\t\t\t<section class=\"elementor-section elementor-top-section elementor-element elementor-element-743c0104 elementor-section-full_width elementor-section-stretched elementor-section-height-default elementor-section-height-default\" data-id=\"743c0104\" data-element_type=\"section\" data-settings=\"{&quot;stretch_section&quot;:&quot;section-stretched&quot;,&quot;background_background&quot;:&quot;classic&quot;}\">\n\t\t\t\t\t\t<div class=\"elementor-container elementor-column-gap-default\">\n\t\t\t\t\t<div class=\"elementor-column elementor-col-100 elementor-top-column elementor-element elementor-element-6cccbaeb\" data-id=\"6cccbaeb\" data-element_type=\"column\">\n\t\t\t<div class=\"elementor-widget-wrap elementor-element-populated\">\n\t\t\t\t\t\t\t\t<section class=\"elementor-section elementor-inner-section elementor-element elementor-element-7cb7c913 elementor-section-boxed elementor-section-height-default elementor-section-height-default\" data-id=\"7cb7c913\" data-element_type=\"section\">\n\t\t\t\t\t\t<div class=\"elementor-container elementor-column-gap-default\">\n\t\t\t\t\t<div class=\"elementor-column elementor-col-50 elementor-inner-column elementor-element elementor-element-20efdacb\" data-id=\"20efdacb\" data-element_type=\"column\">\n\t\t\t<div class=\"elementor-widget-wrap elementor-element-populated\">\n\t\t\t\t\t\t\t\t<div class=\"elementor-element elementor-element-35a8dc89 elementor-widget elementor-widget-rs-heading\" data-id=\"35a8dc89\" data-element_type=\"widget\" data-widget_type=\"rs-heading.default\">\n\t\t\t\t<div class=\"elementor-widget-container\">\n\t\t\t        <div class=\"rs-heading default  \">\r\n        \t<div class=\"title-inner\">        \t\t      \t\t\r\n\t            <span class=\"sub-text \">GRUPA WORKMAN<\/span><h2 class=\"title\"><span class=\"watermark\"><\/span>Pracownicy to nasz najwi\u0119kszy kapita\u0142<\/h2>\t\t\t\t\t        <\/div>\r\n\t                <\/div>\r\n\r\n        \t\t<\/div>\n\t\t\t\t<\/div>\n\t\t\t\t<div class=\"elementor-element elementor-element-2d237278 elementor-widget elementor-widget-rs-button\" data-id=\"2d237278\" data-element_type=\"widget\" data-widget_type=\"rs-button.default\">\n\t\t\t\t<div class=\"elementor-widget-container\">\n\t\t\t\t\r\n\t\t\r\n\t\t\t\t\t<div class=\"rs-btn\">\r\n\t\t\t\t\t\t\t\t<a class=\"readon rs_button\" href=\"https:\/\/www.workman.com.pl\/index.php\/oferujemy\/\" >\t\t\t\t\r\n\t\t\t\t\t<span class=\"btn_text\">ZOBACZ WI\u0118CEJ<\/span>\r\n\t\t\t\t\t\t\t\t\t<\/a>\r\n\t\t\t<\/div> \r\n\t\t   \r\n\t\t\t<\/div>\n\t\t\t\t<\/div>\n\t\t\t\t\t<\/div>\n\t\t<\/div>\n\t\t\t\t<div class=\"elementor-column elementor-col-50 elementor-inner-column elementor-element elementor-element-9a81919\" data-id=\"9a81919\" data-element_type=\"column\">\n\t\t\t<div class=\"elementor-widget-wrap\">\n\t\t\t\t\t\t\t\t\t<\/div>\n\t\t<\/div>\n\t\t\t\t\t\t\t<\/div>\n\t\t<\/section>\n\t\t\t\t\t<\/div>\n\t\t<\/div>\n\t\t\t\t\t\t\t<\/div>\n\t\t<\/section>\n\t\t\t\t<section class=\"elementor-section elementor-top-section elementor-element elementor-element-30917442 elementor-section-full_width elementor-section-stretched elementor-section-height-default elementor-section-height-default\" data-id=\"30917442\" data-element_type=\"section\" data-settings=\"{&quot;stretch_section&quot;:&quot;section-stretched&quot;,&quot;background_background&quot;:&quot;classic&quot;}\">\n\t\t\t\t\t\t<div class=\"elementor-container elementor-column-gap-default\">\n\t\t\t\t\t<div class=\"elementor-column elementor-col-100 elementor-top-column elementor-element elementor-element-7c5b4f5a\" data-id=\"7c5b4f5a\" data-element_type=\"column\">\n\t\t\t<div class=\"elementor-widget-wrap elementor-element-populated\">\n\t\t\t\t\t\t\t\t<section class=\"elementor-section elementor-inner-section elementor-element elementor-element-6303c6c3 elementor-section-content-middle elementor-section-boxed elementor-section-height-default elementor-section-height-default\" data-id=\"6303c6c3\" data-element_type=\"section\">\n\t\t\t\t\t\t<div class=\"elementor-container elementor-column-gap-default\">\n\t\t\t\t\t<div class=\"elementor-column elementor-col-50 elementor-inner-column elementor-element elementor-element-3ba0b93\" data-id=\"3ba0b93\" data-element_type=\"column\">\n\t\t\t<div class=\"elementor-widget-wrap elementor-element-populated\">\n\t\t\t\t\t\t\t\t<div class=\"elementor-element elementor-element-311b12a9 elementor-widget elementor-widget-rs-heading\" data-id=\"311b12a9\" data-element_type=\"widget\" data-widget_type=\"rs-heading.default\">\n\t\t\t\t<div class=\"elementor-widget-container\">\n\t\t\t        <div class=\"rs-heading default  \">\r\n        \t<div class=\"title-inner\">        \t\t      \t\t\r\n\t            \t\t\t\t\t        <\/div>\r\n\t                    \t<div class=\"description\">\r\n            \t\t<h2><strong><span style=\"color: #ff0000\">Dzie\u0144 dobry<\/span><\/strong><br \/><strong><span style=\"color: #ff0000\">\u0414\u043e\u0431\u0440\u044b\u0439 \u0434\u0435\u043d\u044c!<\/span><\/strong><\/h2>            \t\t\r\n            \t<\/div>\r\n        \t        <\/div>\r\n\r\n        \t\t<\/div>\n\t\t\t\t<\/div>\n\t\t\t\t<div class=\"elementor-element elementor-element-1b26daf3 elementor-widget elementor-widget-rs-heading\" data-id=\"1b26daf3\" data-element_type=\"widget\" data-widget_type=\"rs-heading.default\">\n\t\t\t\t<div class=\"elementor-widget-container\">\n\t\t\t        <div class=\"rs-heading default  \">\r\n        \t<div class=\"title-inner\">        \t\t      \t\t\r\n\t            \t\t\t\t\t        <\/div>\r\n\t                    \t<div class=\"description\">\r\n            \t\t<p><span style=\"color: #ffffff\">Zajmujemy si\u0119 <strong>outsourcingiem procesowym.<\/strong><\/span><\/p><p><span style=\"color: #ffffff\">Outsourcing procesowy to przekazanie wybranych proces\u00f3w biznesowych w r\u0119ce zaufanego partnera zewn\u0119trznego. My zajmujemy si\u0119 tym kompleksowo \u2013 przejmujemy realizacj\u0119 wybranych zada\u0144, aby odci\u0105\u017cy\u0107 Tw\u00f3j zesp\u00f3\u0142, zwi\u0119kszy\u0107 efektywno\u015b\u0107 i pozwoli\u0107 Ci skupi\u0107 si\u0119 na tym, co najwa\u017cniejsze dla rozwoju Twojej firmy.<\/span><\/p>            \t\t\r\n            \t<\/div>\r\n        \t        <\/div>\r\n\r\n        \t\t<\/div>\n\t\t\t\t<\/div>\n\t\t\t\t<div class=\"elementor-element elementor-element-1f206ef elementor-widget elementor-widget-rs-button\" data-id=\"1f206ef\" data-element_type=\"widget\" data-widget_type=\"rs-button.default\">\n\t\t\t\t<div class=\"elementor-widget-container\">\n\t\t\t\t\r\n\t\t\r\n\t\t\t\t\t<div class=\"rs-btn\">\r\n\t\t\t\t\t\t\t\t<a class=\"readon rs_button\" href=\"https:\/\/www.workman.com.pl\/index.php\/o-firmie\/\" >\t\t\t\t\r\n\t\t\t\t\t<span class=\"btn_text\">Zobacz wi\u0119cej<\/span>\r\n\t\t\t\t\t\t\t\t\t<\/a>\r\n\t\t\t<\/div> \r\n\t\t   \r\n\t\t\t<\/div>\n\t\t\t\t<\/div>\n\t\t\t\t\t<\/div>\n\t\t<\/div>\n\t\t\t\t<div class=\"elementor-column elementor-col-50 elementor-inner-column elementor-element elementor-element-45beec3a\" data-id=\"45beec3a\" data-element_type=\"column\">\n\t\t\t<div class=\"elementor-widget-wrap elementor-element-populated\">\n\t\t\t\t\t\t\t\t<div class=\"elementor-element elementor-element-367a677 elementor-widget elementor-widget-image\" data-id=\"367a677\" data-element_type=\"widget\" data-widget_type=\"image.default\">\n\t\t\t\t<div class=\"elementor-widget-container\">\n\t\t\t<style>\/*! elementor - v3.12.2 - 23-04-2023 *\/\n.elementor-widget-image{text-align:center}.elementor-widget-image a{display:inline-block}.elementor-widget-image a img[src$=\".svg\"]{width:48px}.elementor-widget-image img{vertical-align:middle;display:inline-block}<\/style>\t\t\t\t\t\t\t\t\t\t\t\t<img loading=\"lazy\" decoding=\"async\" width=\"640\" height=\"554\" src=\"https:\/\/www.workman.com.pl\/wp-content\/uploads\/2023\/05\/s4aaa.png\" class=\"attachment-large size-large wp-image-21945\" alt=\"\" srcset=\"https:\/\/www.workman.com.pl\/wp-content\/uploads\/2023\/05\/s4aaa.png 711w, https:\/\/www.workman.com.pl\/wp-content\/uploads\/2023\/05\/s4aaa-300x259.png 300w, https:\/\/www.workman.com.pl\/wp-content\/uploads\/2023\/05\/s4aaa-80x68.png 80w\" sizes=\"auto, (max-width: 640px) 100vw, 640px\" \/>\t\t\t\t\t\t\t\t\t\t\t\t\t\t\t<\/div>\n\t\t\t\t<\/div>\n\t\t\t\t\t<\/div>\n\t\t<\/div>\n\t\t\t\t\t\t\t<\/div>\n\t\t<\/section>\n\t\t\t\t<div class=\"elementor-element elementor-element-cc82b0e elementor-widget elementor-widget-spacer\" data-id=\"cc82b0e\" data-element_type=\"widget\" data-widget_type=\"spacer.default\">\n\t\t\t\t<div class=\"elementor-widget-container\">\n\t\t\t<style>\/*! elementor - v3.12.2 - 23-04-2023 *\/\n.elementor-column .elementor-spacer-inner{height:var(--spacer-size)}.e-con{--container-widget-width:100%}.e-con-inner>.elementor-widget-spacer,.e-con>.elementor-widget-spacer{width:var(--container-widget-width,var(--spacer-size));--align-self:var(--container-widget-align-self,initial);--flex-shrink:0}.e-con-inner>.elementor-widget-spacer>.elementor-widget-container,.e-con-inner>.elementor-widget-spacer>.elementor-widget-container>.elementor-spacer,.e-con>.elementor-widget-spacer>.elementor-widget-container,.e-con>.elementor-widget-spacer>.elementor-widget-container>.elementor-spacer{height:100%}.e-con-inner>.elementor-widget-spacer>.elementor-widget-container>.elementor-spacer>.elementor-spacer-inner,.e-con>.elementor-widget-spacer>.elementor-widget-container>.elementor-spacer>.elementor-spacer-inner{height:var(--container-widget-height,var(--spacer-size))}<\/style>\t\t<div class=\"elementor-spacer\">\n\t\t\t<div class=\"elementor-spacer-inner\"><\/div>\n\t\t<\/div>\n\t\t\t\t<\/div>\n\t\t\t\t<\/div>\n\t\t\t\t\t<\/div>\n\t\t<\/div>\n\t\t\t\t\t\t\t<\/div>\n\t\t<\/section>\n\t\t\t\t<section class=\"elementor-section elementor-top-section elementor-element elementor-element-f765352 elementor-section-full_width elementor-section-stretched elementor-section-height-default elementor-section-height-default\" data-id=\"f765352\" data-element_type=\"section\" data-settings=\"{&quot;stretch_section&quot;:&quot;section-stretched&quot;,&quot;background_background&quot;:&quot;classic&quot;}\">\n\t\t\t\t\t\t<div class=\"elementor-container elementor-column-gap-default\">\n\t\t\t\t\t<div class=\"elementor-column elementor-col-100 elementor-top-column elementor-element elementor-element-1861f4c\" data-id=\"1861f4c\" data-element_type=\"column\">\n\t\t\t<div class=\"elementor-widget-wrap elementor-element-populated\">\n\t\t\t\t\t\t\t\t<section class=\"elementor-section elementor-inner-section elementor-element elementor-element-312e89b elementor-section-content-middle elementor-section-boxed elementor-section-height-default elementor-section-height-default\" data-id=\"312e89b\" data-element_type=\"section\">\n\t\t\t\t\t\t<div class=\"elementor-container elementor-column-gap-default\">\n\t\t\t\t\t<div class=\"elementor-column elementor-col-50 elementor-inner-column elementor-element elementor-element-d113e74\" data-id=\"d113e74\" data-element_type=\"column\">\n\t\t\t<div class=\"elementor-widget-wrap elementor-element-populated\">\n\t\t\t\t\t\t\t\t<div class=\"elementor-element elementor-element-6fee078 elementor-widget elementor-widget-image\" data-id=\"6fee078\" data-element_type=\"widget\" data-widget_type=\"image.default\">\n\t\t\t\t<div class=\"elementor-widget-container\">\n\t\t\t\t\t\t\t\t\t\t\t\t\t\t\t<img loading=\"lazy\" decoding=\"async\" width=\"640\" height=\"554\" src=\"https:\/\/www.workman.com.pl\/wp-content\/uploads\/2023\/05\/s7.png\" class=\"attachment-large size-large wp-image-21578\" alt=\"\" srcset=\"https:\/\/www.workman.com.pl\/wp-content\/uploads\/2023\/05\/s7.png 711w, https:\/\/www.workman.com.pl\/wp-content\/uploads\/2023\/05\/s7-300x259.png 300w, https:\/\/www.workman.com.pl\/wp-content\/uploads\/2023\/05\/s7-80x68.png 80w, https:\/\/www.workman.com.pl\/wp-content\/uploads\/2023\/05\/s7-600x519.png 600w\" sizes=\"auto, (max-width: 640px) 100vw, 640px\" \/>\t\t\t\t\t\t\t\t\t\t\t\t\t\t\t<\/div>\n\t\t\t\t<\/div>\n\t\t\t\t\t<\/div>\n\t\t<\/div>\n\t\t\t\t<div class=\"elementor-column elementor-col-50 elementor-inner-column elementor-element elementor-element-8d52ed4\" data-id=\"8d52ed4\" data-element_type=\"column\">\n\t\t\t<div class=\"elementor-widget-wrap elementor-element-populated\">\n\t\t\t\t\t\t\t\t<div class=\"elementor-element elementor-element-9bc4e64 elementor-widget elementor-widget-rs-heading\" data-id=\"9bc4e64\" data-element_type=\"widget\" data-widget_type=\"rs-heading.default\">\n\t\t\t\t<div class=\"elementor-widget-container\">\n\t\t\t        <div class=\"rs-heading default  \">\r\n        \t<div class=\"title-inner\">        \t\t      \t\t\r\n\t            \t\t\t\t\t        <\/div>\r\n\t                    \t<div class=\"description\">\r\n            \t\t<h2><span style=\"color: #ff0000\">W ramach us\u0142ugi przejmujemy ca\u0142o\u015b\u0107 procedur zwi\u0105zanych <br>z rekrutacj\u0105 i selekcj\u0105 pracownik\u00f3w.<\/span><\/h2>            \t\t\r\n            \t<\/div>\r\n        \t        <\/div>\r\n\r\n        \t\t<\/div>\n\t\t\t\t<\/div>\n\t\t\t\t<div class=\"elementor-element elementor-element-0bce1e3 elementor-widget elementor-widget-rs-heading\" data-id=\"0bce1e3\" data-element_type=\"widget\" data-widget_type=\"rs-heading.default\">\n\t\t\t\t<div class=\"elementor-widget-container\">\n\t\t\t        <div class=\"rs-heading default  \">\r\n        \t<div class=\"title-inner\">        \t\t      \t\t\r\n\t            \t\t\t\t\t        <\/div>\r\n\t                    \t<div class=\"description\">\r\n            \t\t<p class=\"p1\"><span style=\"color: #ffffff\">Zajmujemy si\u0119 przygotowaniem dokument\u00f3w do legalizacji pobytu i pracy obcokrajowc\u00f3w na terenie RP.<\/span><\/p>\n&nbsp;\n<p class=\"p1\"><span style=\"color: #ffffff\">Zapewniamy sta\u0142\u0105 obsad\u0119 obs\u0142ugiwanych stanowisk, niezb\u0119dne szkolenia oraz badania lekarskie i us\u0142ugi\nw zakresie doradztwa personalnego.<\/span><\/p>\n&nbsp;\n<p class=\"p1\"><span style=\"color: #ffffff\">Proponujemy Pa\u0144stwu pakiet rozwi\u0105za\u0144 perfekcyjnie dopasowany do Pa\u0144stwa potrzeb i oczekiwa\u0144.<\/span><\/p>            \t\t\r\n            \t<\/div>\r\n        \t        <\/div>\r\n\r\n        \t\t<\/div>\n\t\t\t\t<\/div>\n\t\t\t\t<div class=\"elementor-element elementor-element-7cfdadd elementor-widget elementor-widget-rs-button\" data-id=\"7cfdadd\" data-element_type=\"widget\" data-widget_type=\"rs-button.default\">\n\t\t\t\t<div class=\"elementor-widget-container\">\n\t\t\t\t\r\n\t\t\r\n\t\t\t\t\t<div class=\"rs-btn\">\r\n\t\t\t\t\t\t\t\t<a class=\"readon rs_button\" href=\"https:\/\/www.workman.com.pl\/index.php\/jak-dzialamy\/\" >\t\t\t\t\r\n\t\t\t\t\t<span class=\"btn_text\">Zobacz wi\u0119cej<\/span>\r\n\t\t\t\t\t\t\t\t\t<\/a>\r\n\t\t\t<\/div> \r\n\t\t   \r\n\t\t\t<\/div>\n\t\t\t\t<\/div>\n\t\t\t\t\t<\/div>\n\t\t<\/div>\n\t\t\t\t\t\t\t<\/div>\n\t\t<\/section>\n\t\t\t\t<div class=\"elementor-element elementor-element-e684997 elementor-widget elementor-widget-spacer\" data-id=\"e684997\" data-element_type=\"widget\" data-widget_type=\"spacer.default\">\n\t\t\t\t<div class=\"elementor-widget-container\">\n\t\t\t\t\t<div class=\"elementor-spacer\">\n\t\t\t<div class=\"elementor-spacer-inner\"><\/div>\n\t\t<\/div>\n\t\t\t\t<\/div>\n\t\t\t\t<\/div>\n\t\t\t\t\t<\/div>\n\t\t<\/div>\n\t\t\t\t\t\t\t<\/div>\n\t\t<\/section>\n\t\t\t\t<section class=\"elementor-section elementor-top-section elementor-element elementor-element-6328719 elementor-section-full_width elementor-section-stretched elementor-section-height-default elementor-section-height-default\" data-id=\"6328719\" data-element_type=\"section\" data-settings=\"{&quot;stretch_section&quot;:&quot;section-stretched&quot;,&quot;background_background&quot;:&quot;classic&quot;}\">\n\t\t\t\t\t\t<div class=\"elementor-container elementor-column-gap-default\">\n\t\t\t\t\t<div class=\"elementor-column elementor-col-100 elementor-top-column elementor-element elementor-element-8bdd14\" data-id=\"8bdd14\" data-element_type=\"column\">\n\t\t\t<div class=\"elementor-widget-wrap elementor-element-populated\">\n\t\t\t\t\t\t\t\t<section class=\"elementor-section elementor-inner-section elementor-element elementor-element-6b99844b elementor-section-boxed elementor-section-height-default elementor-section-height-default\" data-id=\"6b99844b\" data-element_type=\"section\">\n\t\t\t\t\t\t<div class=\"elementor-container elementor-column-gap-default\">\n\t\t\t\t\t<div class=\"elementor-column elementor-col-33 elementor-inner-column elementor-element elementor-element-1ab06232\" data-id=\"1ab06232\" data-element_type=\"column\">\n\t\t\t<div class=\"elementor-widget-wrap elementor-element-populated\">\n\t\t\t\t\t\t\t\t<div class=\"elementor-element elementor-element-fce0d5e elementor-widget elementor-widget-spacer\" data-id=\"fce0d5e\" data-element_type=\"widget\" data-widget_type=\"spacer.default\">\n\t\t\t\t<div class=\"elementor-widget-container\">\n\t\t\t\t\t<div class=\"elementor-spacer\">\n\t\t\t<div class=\"elementor-spacer-inner\"><\/div>\n\t\t<\/div>\n\t\t\t\t<\/div>\n\t\t\t\t<\/div>\n\t\t\t\t\t<\/div>\n\t\t<\/div>\n\t\t\t\t<div class=\"elementor-column elementor-col-33 elementor-inner-column elementor-element elementor-element-3e3c39d\" data-id=\"3e3c39d\" data-element_type=\"column\">\n\t\t\t<div class=\"elementor-widget-wrap elementor-element-populated\">\n\t\t\t\t\t\t\t\t<div class=\"elementor-element elementor-element-692f77f8 elementor-widget elementor-widget-rs-heading\" data-id=\"692f77f8\" data-element_type=\"widget\" data-widget_type=\"rs-heading.default\">\n\t\t\t\t<div class=\"elementor-widget-container\">\n\t\t\t        <div class=\"rs-heading default center \">\r\n        \t<div class=\"title-inner\">        \t\t      \t\t\r\n\t            <span class=\"sub-text \">KONTAKT<\/span><h2 class=\"title\"><span class=\"watermark\"><\/span>Potrzebujesz informacji? Chcesz podj\u0105\u0107 wsp\u00f3\u0142prac\u0119?<\/h2>\t\t\t\t\t        <\/div>\r\n\t                <\/div>\r\n\r\n        \t\t<\/div>\n\t\t\t\t<\/div>\n\t\t\t\t<div class=\"elementor-element elementor-element-6bd07930 elementor-widget elementor-widget-rs-button\" data-id=\"6bd07930\" data-element_type=\"widget\" data-widget_type=\"rs-button.default\">\n\t\t\t\t<div class=\"elementor-widget-container\">\n\t\t\t\t\r\n\t\t\r\n\t\t\t\t\t<div class=\"rs-btn\">\r\n\t\t\t\t\t\t\t\t<a class=\"readon rs_button\" href=\"#\" >\t\t\t\t\r\n\t\t\t\t\t<span class=\"btn_text\">Zapraszamy do kontaktu<\/span>\r\n\t\t\t\t\t\t\t\t\t<\/a>\r\n\t\t\t<\/div> \r\n\t\t   \r\n\t\t\t<\/div>\n\t\t\t\t<\/div>\n\t\t\t\t\t<\/div>\n\t\t<\/div>\n\t\t\t\t<div class=\"elementor-column elementor-col-33 elementor-inner-column elementor-element elementor-element-1b4d66d1\" data-id=\"1b4d66d1\" data-element_type=\"column\">\n\t\t\t<div class=\"elementor-widget-wrap\">\n\t\t\t\t\t\t\t\t\t<\/div>\n\t\t<\/div>\n\t\t\t\t\t\t\t<\/div>\n\t\t<\/section>\n\t\t\t\t\t<\/div>\n\t\t<\/div>\n\t\t\t\t\t\t\t<\/div>\n\t\t<\/section>\n\t\t\t\t<section class=\"elementor-section elementor-top-section elementor-element elementor-element-545370e elementor-section-boxed elementor-section-height-default elementor-section-height-default\" data-id=\"545370e\" data-element_type=\"section\">\n\t\t\t\t\t\t<div class=\"elementor-container elementor-column-gap-default\">\n\t\t\t\t\t<div class=\"elementor-column elementor-col-50 elementor-top-column elementor-element elementor-element-75d77d3\" data-id=\"75d77d3\" data-element_type=\"column\" data-settings=\"{&quot;background_background&quot;:&quot;classic&quot;}\">\n\t\t\t<div class=\"elementor-widget-wrap elementor-element-populated\">\n\t\t\t\t\t\t\t\t<div class=\"elementor-element elementor-element-f49e0c5 elementor-widget elementor-widget-rs-heading\" data-id=\"f49e0c5\" data-element_type=\"widget\" data-widget_type=\"rs-heading.default\">\n\t\t\t\t<div class=\"elementor-widget-container\">\n\t\t\t        <div class=\"rs-heading default  \">\r\n        \t<div class=\"title-inner\">        \t\t      \t\t\r\n\t            <span class=\"sub-text \">Zakres us\u0142ug<\/span><h2 class=\"title\"><span class=\"watermark\"><\/span>Odpowiadamy za:<\/h2>\t\t\t\t\t        <\/div>\r\n\t                    \t<div class=\"description\">\r\n            \t\t<ul>\n \t<li>Rekrutacj\u0119 pracownik\u00f3w z zezwoleniem\nna prac\u0119 w Twojej firmie<\/li>\n \t<li>Zarz\u0105dzanie obs\u0142ug\u0105 kadrow\u0105<\/li>\n \t<li>Pe\u0142en pakiet ubezpiecze\u0144 pracownika<\/li>\n \t<li>Key Account Managera m\u00f3wi\u0105cego\npo polsku, ukrai\u0144sku\/rosyjsku<\/li>\n \t<li>Obs\u0142ug\u0119 prawn\u0105 PIP, ZUS, US, etc.<\/li>\n \t<li>Transport do i z miejsca zamieszkania<\/li>\n \t<li>Organizacj\u0119 miejsc noclegowych\ndla pracownik\u00f3w<\/li>\n<\/ul>            \t\t\r\n            \t<\/div>\r\n        \t        <\/div>\r\n\r\n        \t\t<\/div>\n\t\t\t\t<\/div>\n\t\t\t\t<div class=\"elementor-element elementor-element-cd3a564 elementor-widget elementor-widget-button\" data-id=\"cd3a564\" data-element_type=\"widget\" data-widget_type=\"button.default\">\n\t\t\t\t<div class=\"elementor-widget-container\">\n\t\t\t\t\t<div class=\"elementor-button-wrapper\">\n\t\t\t<a href=\"https:\/\/www.workman.com.pl\/index.php\/kontakt\/\" class=\"elementor-button-link elementor-button elementor-size-sm\" role=\"button\">\n\t\t\t\t\t\t<span class=\"elementor-button-content-wrapper\">\n\t\t\t\t\t\t<span class=\"elementor-button-text\">Dowiedz si\u0119 wi\u0119cej<\/span>\n\t\t<\/span>\n\t\t\t\t\t<\/a>\n\t\t<\/div>\n\t\t\t\t<\/div>\n\t\t\t\t<\/div>\n\t\t\t\t\t<\/div>\n\t\t<\/div>\n\t\t\t\t<div class=\"elementor-column elementor-col-50 elementor-top-column elementor-element elementor-element-8aa3145\" data-id=\"8aa3145\" data-element_type=\"column\">\n\t\t\t<div class=\"elementor-widget-wrap elementor-element-populated\">\n\t\t\t\t\t\t\t\t<div class=\"elementor-element elementor-element-2f11f16 elementor-widget elementor-widget-image\" data-id=\"2f11f16\" data-element_type=\"widget\" data-widget_type=\"image.default\">\n\t\t\t\t<div class=\"elementor-widget-container\">\n\t\t\t\t\t\t\t\t\t\t\t\t\t\t\t<img loading=\"lazy\" decoding=\"async\" width=\"500\" height=\"610\" src=\"https:\/\/www.workman.com.pl\/wp-content\/uploads\/2023\/05\/odpowiedzialnosc2.png\" class=\"attachment-large size-large wp-image-21656\" alt=\"\" srcset=\"https:\/\/www.workman.com.pl\/wp-content\/uploads\/2023\/05\/odpowiedzialnosc2.png 500w, https:\/\/www.workman.com.pl\/wp-content\/uploads\/2023\/05\/odpowiedzialnosc2-246x300.png 246w\" sizes=\"auto, (max-width: 500px) 100vw, 500px\" \/>\t\t\t\t\t\t\t\t\t\t\t\t\t\t\t<\/div>\n\t\t\t\t<\/div>\n\t\t\t\t\t<\/div>\n\t\t<\/div>\n\t\t\t\t\t\t\t<\/div>\n\t\t<\/section>\n\t\t\t\t\t\t\t<\/div>\n\t\t","protected":false},"excerpt":{"rendered":"<p>GRUPA WORKMAN Pracownicy to nasz najwi\u0119kszy kapita\u0142 ZOBACZ WI\u0118CEJ Dzie\u0144 dobry\u0414\u043e\u0431\u0440\u044b\u0439 \u0434\u0435\u043d\u044c! Zajmujemy si\u0119 outsourcingiem procesowym. Outsourcing procesowy to przekazanie wybranych proces\u00f3w biznesowych w r\u0119ce zaufanego partnera zewn\u0119trznego. My zajmujemy si\u0119 tym kompleksowo \u2013 przejmujemy realizacj\u0119 wybranych zada\u0144, aby odci\u0105\u017cy\u0107 Tw\u00f3j zesp\u00f3\u0142, zwi\u0119kszy\u0107 efektywno\u015b\u0107 i pozwoli\u0107 Ci skupi\u0107 si\u0119 na tym, co najwa\u017cniejsze dla rozwoju&#8230;<\/p>\n","protected":false},"author":1,"featured_media":0,"parent":0,"menu_order":0,"comment_status":"closed","ping_status":"closed","template":"","meta":{"footnotes":""},"class_list":["post-18345","page","type-page","status-publish","hentry"],"_links":{"self":[{"href":"https:\/\/www.workman.com.pl\/index.php\/wp-json\/wp\/v2\/pages\/18345","targetHints":{"allow":["GET"]}}],"collection":[{"href":"https:\/\/www.workman.com.pl\/index.php\/wp-json\/wp\/v2\/pages"}],"about":[{"href":"https:\/\/www.workman.com.pl\/index.php\/wp-json\/wp\/v2\/types\/page"}],"author":[{"embeddable":true,"href":"https:\/\/www.workman.com.pl\/index.php\/wp-json\/wp\/v2\/users\/1"}],"replies":[{"embeddable":true,"href":"https:\/\/www.workman.com.pl\/index.php\/wp-json\/wp\/v2\/comments?post=18345"}],"version-history":[{"count":116,"href":"https:\/\/www.workman.com.pl\/index.php\/wp-json\/wp\/v2\/pages\/18345\/revisions"}],"predecessor-version":[{"id":21992,"href":"https:\/\/www.workman.com.pl\/index.php\/wp-json\/wp\/v2\/pages\/18345\/revisions\/21992"}],"wp:attachment":[{"href":"https:\/\/www.workman.com.pl\/index.php\/wp-json\/wp\/v2\/media?parent=18345"}],"curies":[{"name":"wp","href":"https:\/\/api.w.org\/{rel}","templated":true}]}}