{"id":21660,"date":"2023-05-04T10:07:19","date_gmt":"2023-05-04T08:07:19","guid":{"rendered":"http:\/\/www.workman.com.pl\/?page_id=21660"},"modified":"2025-10-27T12:30:18","modified_gmt":"2025-10-27T11:30:18","slug":"o-firmie","status":"publish","type":"page","link":"https:\/\/www.workman.com.pl\/index.php\/o-firmie\/","title":{"rendered":"O Firmie"},"content":{"rendered":"\t\t<div data-elementor-type=\"wp-page\" data-elementor-id=\"21660\" class=\"elementor elementor-21660\">\n\t\t\t\t\t\t\t\t\t<section class=\"elementor-section elementor-top-section elementor-element elementor-element-b40839d elementor-section-full_width elementor-section-stretched elementor-section-height-default elementor-section-height-default\" data-id=\"b40839d\" data-element_type=\"section\" data-settings=\"{&quot;stretch_section&quot;:&quot;section-stretched&quot;,&quot;background_background&quot;:&quot;classic&quot;}\">\n\t\t\t\t\t\t<div class=\"elementor-container elementor-column-gap-default\">\n\t\t\t\t\t<div class=\"elementor-column elementor-col-50 elementor-top-column elementor-element elementor-element-fad9b56\" data-id=\"fad9b56\" data-element_type=\"column\">\n\t\t\t<div class=\"elementor-widget-wrap elementor-element-populated\">\n\t\t\t\t\t\t\t\t<div class=\"elementor-element elementor-element-91a08b7 elementor-widget elementor-widget-spacer\" data-id=\"91a08b7\" data-element_type=\"widget\" data-widget_type=\"spacer.default\">\n\t\t\t\t<div class=\"elementor-widget-container\">\n\t\t\t<style>\/*! elementor - v3.12.2 - 23-04-2023 *\/\n.elementor-column .elementor-spacer-inner{height:var(--spacer-size)}.e-con{--container-widget-width:100%}.e-con-inner>.elementor-widget-spacer,.e-con>.elementor-widget-spacer{width:var(--container-widget-width,var(--spacer-size));--align-self:var(--container-widget-align-self,initial);--flex-shrink:0}.e-con-inner>.elementor-widget-spacer>.elementor-widget-container,.e-con-inner>.elementor-widget-spacer>.elementor-widget-container>.elementor-spacer,.e-con>.elementor-widget-spacer>.elementor-widget-container,.e-con>.elementor-widget-spacer>.elementor-widget-container>.elementor-spacer{height:100%}.e-con-inner>.elementor-widget-spacer>.elementor-widget-container>.elementor-spacer>.elementor-spacer-inner,.e-con>.elementor-widget-spacer>.elementor-widget-container>.elementor-spacer>.elementor-spacer-inner{height:var(--container-widget-height,var(--spacer-size))}<\/style>\t\t<div class=\"elementor-spacer\">\n\t\t\t<div class=\"elementor-spacer-inner\"><\/div>\n\t\t<\/div>\n\t\t\t\t<\/div>\n\t\t\t\t<\/div>\n\t\t\t\t<div class=\"elementor-element elementor-element-79ff4d4 elementor-widget elementor-widget-image\" data-id=\"79ff4d4\" data-element_type=\"widget\" data-widget_type=\"image.default\">\n\t\t\t\t<div class=\"elementor-widget-container\">\n\t\t\t<style>\/*! elementor - v3.12.2 - 23-04-2023 *\/\n.elementor-widget-image{text-align:center}.elementor-widget-image a{display:inline-block}.elementor-widget-image a img[src$=\".svg\"]{width:48px}.elementor-widget-image img{vertical-align:middle;display:inline-block}<\/style>\t\t\t\t\t\t\t\t\t\t\t\t<img loading=\"lazy\" decoding=\"async\" width=\"640\" height=\"554\" src=\"https:\/\/www.workman.com.pl\/wp-content\/uploads\/2023\/05\/bg_ofirmie_s1.png\" class=\"attachment-large size-large wp-image-21662\" alt=\"\" srcset=\"https:\/\/www.workman.com.pl\/wp-content\/uploads\/2023\/05\/bg_ofirmie_s1.png 711w, https:\/\/www.workman.com.pl\/wp-content\/uploads\/2023\/05\/bg_ofirmie_s1-300x259.png 300w, https:\/\/www.workman.com.pl\/wp-content\/uploads\/2023\/05\/bg_ofirmie_s1-80x68.png 80w, https:\/\/www.workman.com.pl\/wp-content\/uploads\/2023\/05\/bg_ofirmie_s1-600x519.png 600w\" sizes=\"auto, (max-width: 640px) 100vw, 640px\" \/>\t\t\t\t\t\t\t\t\t\t\t\t\t\t\t<\/div>\n\t\t\t\t<\/div>\n\t\t\t\t<div class=\"elementor-element elementor-element-14120c6 elementor-widget elementor-widget-spacer\" data-id=\"14120c6\" data-element_type=\"widget\" data-widget_type=\"spacer.default\">\n\t\t\t\t<div class=\"elementor-widget-container\">\n\t\t\t\t\t<div class=\"elementor-spacer\">\n\t\t\t<div class=\"elementor-spacer-inner\"><\/div>\n\t\t<\/div>\n\t\t\t\t<\/div>\n\t\t\t\t<\/div>\n\t\t\t\t\t<\/div>\n\t\t<\/div>\n\t\t\t\t<div class=\"elementor-column elementor-col-50 elementor-top-column elementor-element elementor-element-50313d9\" data-id=\"50313d9\" data-element_type=\"column\">\n\t\t\t<div class=\"elementor-widget-wrap elementor-element-populated\">\n\t\t\t\t\t\t\t\t<div class=\"elementor-element elementor-element-ce121d1 elementor-widget elementor-widget-spacer\" data-id=\"ce121d1\" data-element_type=\"widget\" data-widget_type=\"spacer.default\">\n\t\t\t\t<div class=\"elementor-widget-container\">\n\t\t\t\t\t<div class=\"elementor-spacer\">\n\t\t\t<div class=\"elementor-spacer-inner\"><\/div>\n\t\t<\/div>\n\t\t\t\t<\/div>\n\t\t\t\t<\/div>\n\t\t\t\t<div class=\"elementor-element elementor-element-da2a74d elementor-widget elementor-widget-text-editor\" data-id=\"da2a74d\" data-element_type=\"widget\" data-widget_type=\"text-editor.default\">\n\t\t\t\t<div class=\"elementor-widget-container\">\n\t\t\t<style>\/*! elementor - v3.12.2 - 23-04-2023 *\/\n.elementor-widget-text-editor.elementor-drop-cap-view-stacked .elementor-drop-cap{background-color:#69727d;color:#fff}.elementor-widget-text-editor.elementor-drop-cap-view-framed .elementor-drop-cap{color:#69727d;border:3px solid;background-color:transparent}.elementor-widget-text-editor:not(.elementor-drop-cap-view-default) .elementor-drop-cap{margin-top:8px}.elementor-widget-text-editor:not(.elementor-drop-cap-view-default) .elementor-drop-cap-letter{width:1em;height:1em}.elementor-widget-text-editor .elementor-drop-cap{float:left;text-align:center;line-height:1;font-size:50px}.elementor-widget-text-editor .elementor-drop-cap-letter{display:inline-block}<\/style>\t\t\t\t<p>\u00a0<\/p><h2><span style=\"color: #ffffff;\">Workman <span style=\"color: #ff0000;\">Group<\/span><\/span><\/h2><p><span style=\"color: #ffffff;\">Zajmujemy si\u0119 outsourcingiem procesowym.<\/span><\/p><p><span style=\"color: #ffffff;\">Outsourcing procesowy to przekazanie wybranych proces\u00f3w biznesowych w r\u0119ce zaufanego partnera zewn\u0119trznego. My zajmujemy si\u0119 tym kompleksowo \u2013 przejmujemy realizacj\u0119 wybranych zada\u0144, aby odci\u0105\u017cy\u0107 Tw\u00f3j zesp\u00f3\u0142, zwi\u0119kszy\u0107 efektywno\u015b\u0107 i pozwoli\u0107 Ci skupi\u0107 si\u0119 na tym, co najwa\u017cniejsze dla rozwoju Twojej firmy.<\/span><\/p><p>\u00a0<\/p>\t\t\t\t\t\t<\/div>\n\t\t\t\t<\/div>\n\t\t\t\t\t<\/div>\n\t\t<\/div>\n\t\t\t\t\t\t\t<\/div>\n\t\t<\/section>\n\t\t\t\t\t\t\t<\/div>\n\t\t","protected":false},"excerpt":{"rendered":"<p>\u00a0 Workman Group Zajmujemy si\u0119 outsourcingiem procesowym. Outsourcing procesowy to przekazanie wybranych proces\u00f3w biznesowych w r\u0119ce zaufanego partnera zewn\u0119trznego. My zajmujemy si\u0119 tym kompleksowo \u2013 przejmujemy realizacj\u0119 wybranych zada\u0144, aby odci\u0105\u017cy\u0107 Tw\u00f3j zesp\u00f3\u0142, zwi\u0119kszy\u0107 efektywno\u015b\u0107 i pozwoli\u0107 Ci skupi\u0107 si\u0119 na tym, co najwa\u017cniejsze dla rozwoju Twojej firmy. \u00a0<\/p>\n","protected":false},"author":1,"featured_media":0,"parent":0,"menu_order":0,"comment_status":"closed","ping_status":"closed","template":"","meta":{"footnotes":""},"class_list":["post-21660","page","type-page","status-publish","hentry"],"_links":{"self":[{"href":"https:\/\/www.workman.com.pl\/index.php\/wp-json\/wp\/v2\/pages\/21660","targetHints":{"allow":["GET"]}}],"collection":[{"href":"https:\/\/www.workman.com.pl\/index.php\/wp-json\/wp\/v2\/pages"}],"about":[{"href":"https:\/\/www.workman.com.pl\/index.php\/wp-json\/wp\/v2\/types\/page"}],"author":[{"embeddable":true,"href":"https:\/\/www.workman.com.pl\/index.php\/wp-json\/wp\/v2\/users\/1"}],"replies":[{"embeddable":true,"href":"https:\/\/www.workman.com.pl\/index.php\/wp-json\/wp\/v2\/comments?post=21660"}],"version-history":[{"count":65,"href":"https:\/\/www.workman.com.pl\/index.php\/wp-json\/wp\/v2\/pages\/21660\/revisions"}],"predecessor-version":[{"id":21995,"href":"https:\/\/www.workman.com.pl\/index.php\/wp-json\/wp\/v2\/pages\/21660\/revisions\/21995"}],"wp:attachment":[{"href":"https:\/\/www.workman.com.pl\/index.php\/wp-json\/wp\/v2\/media?parent=21660"}],"curies":[{"name":"wp","href":"https:\/\/api.w.org\/{rel}","templated":true}]}}