{"id":21689,"date":"2023-05-04T10:24:04","date_gmt":"2023-05-04T08:24:04","guid":{"rendered":"http:\/\/www.workman.com.pl\/?page_id=21689"},"modified":"2023-05-04T11:34:14","modified_gmt":"2023-05-04T09:34:14","slug":"branze","status":"publish","type":"page","link":"https:\/\/www.workman.com.pl\/index.php\/branze\/","title":{"rendered":"Bran\u017ce"},"content":{"rendered":"\t\t<div data-elementor-type=\"wp-page\" data-elementor-id=\"21689\" class=\"elementor elementor-21689\">\n\t\t\t\t\t\t\t\t\t<section class=\"elementor-section elementor-top-section elementor-element elementor-element-ac64a5c elementor-section-full_width elementor-section-stretched elementor-section-height-default elementor-section-height-default\" data-id=\"ac64a5c\" data-element_type=\"section\" data-settings=\"{&quot;stretch_section&quot;:&quot;section-stretched&quot;,&quot;background_background&quot;:&quot;classic&quot;}\">\n\t\t\t\t\t\t<div class=\"elementor-container elementor-column-gap-no\">\n\t\t\t\t\t<div class=\"elementor-column elementor-col-50 elementor-top-column elementor-element elementor-element-4ae6398\" data-id=\"4ae6398\" data-element_type=\"column\">\n\t\t\t<div class=\"elementor-widget-wrap elementor-element-populated\">\n\t\t\t\t\t\t\t\t<div class=\"elementor-element elementor-element-aff6c6a elementor-widget elementor-widget-spacer\" data-id=\"aff6c6a\" data-element_type=\"widget\" data-widget_type=\"spacer.default\">\n\t\t\t\t<div class=\"elementor-widget-container\">\n\t\t\t<style>\/*! elementor - v3.12.2 - 23-04-2023 *\/\n.elementor-column .elementor-spacer-inner{height:var(--spacer-size)}.e-con{--container-widget-width:100%}.e-con-inner>.elementor-widget-spacer,.e-con>.elementor-widget-spacer{width:var(--container-widget-width,var(--spacer-size));--align-self:var(--container-widget-align-self,initial);--flex-shrink:0}.e-con-inner>.elementor-widget-spacer>.elementor-widget-container,.e-con-inner>.elementor-widget-spacer>.elementor-widget-container>.elementor-spacer,.e-con>.elementor-widget-spacer>.elementor-widget-container,.e-con>.elementor-widget-spacer>.elementor-widget-container>.elementor-spacer{height:100%}.e-con-inner>.elementor-widget-spacer>.elementor-widget-container>.elementor-spacer>.elementor-spacer-inner,.e-con>.elementor-widget-spacer>.elementor-widget-container>.elementor-spacer>.elementor-spacer-inner{height:var(--container-widget-height,var(--spacer-size))}<\/style>\t\t<div class=\"elementor-spacer\">\n\t\t\t<div class=\"elementor-spacer-inner\"><\/div>\n\t\t<\/div>\n\t\t\t\t<\/div>\n\t\t\t\t<\/div>\n\t\t\t\t<div class=\"elementor-element elementor-element-2a014b0 elementor-widget elementor-widget-image\" data-id=\"2a014b0\" data-element_type=\"widget\" data-widget_type=\"image.default\">\n\t\t\t\t<div class=\"elementor-widget-container\">\n\t\t\t<style>\/*! elementor - v3.12.2 - 23-04-2023 *\/\n.elementor-widget-image{text-align:center}.elementor-widget-image a{display:inline-block}.elementor-widget-image a img[src$=\".svg\"]{width:48px}.elementor-widget-image img{vertical-align:middle;display:inline-block}<\/style>\t\t\t\t\t\t\t\t\t\t\t\t<img loading=\"lazy\" decoding=\"async\" width=\"856\" height=\"571\" src=\"https:\/\/www.workman.com.pl\/wp-content\/uploads\/2023\/05\/bg_branze_s1.png\" class=\"attachment-full size-full wp-image-21694\" alt=\"\" srcset=\"https:\/\/www.workman.com.pl\/wp-content\/uploads\/2023\/05\/bg_branze_s1.png 856w, https:\/\/www.workman.com.pl\/wp-content\/uploads\/2023\/05\/bg_branze_s1-300x200.png 300w, https:\/\/www.workman.com.pl\/wp-content\/uploads\/2023\/05\/bg_branze_s1-768x512.png 768w, https:\/\/www.workman.com.pl\/wp-content\/uploads\/2023\/05\/bg_branze_s1-365x243.png 365w, https:\/\/www.workman.com.pl\/wp-content\/uploads\/2023\/05\/bg_branze_s1-600x400.png 600w\" sizes=\"auto, (max-width: 856px) 100vw, 856px\" \/>\t\t\t\t\t\t\t\t\t\t\t\t\t\t\t<\/div>\n\t\t\t\t<\/div>\n\t\t\t\t<div class=\"elementor-element elementor-element-72f6414 elementor-widget elementor-widget-spacer\" data-id=\"72f6414\" data-element_type=\"widget\" data-widget_type=\"spacer.default\">\n\t\t\t\t<div class=\"elementor-widget-container\">\n\t\t\t\t\t<div class=\"elementor-spacer\">\n\t\t\t<div class=\"elementor-spacer-inner\"><\/div>\n\t\t<\/div>\n\t\t\t\t<\/div>\n\t\t\t\t<\/div>\n\t\t\t\t\t<\/div>\n\t\t<\/div>\n\t\t\t\t<div class=\"elementor-column elementor-col-50 elementor-top-column elementor-element elementor-element-433cb28\" data-id=\"433cb28\" data-element_type=\"column\">\n\t\t\t<div class=\"elementor-widget-wrap elementor-element-populated\">\n\t\t\t\t\t\t\t\t<div class=\"elementor-element elementor-element-ae2e50c elementor-widget elementor-widget-spacer\" data-id=\"ae2e50c\" data-element_type=\"widget\" data-widget_type=\"spacer.default\">\n\t\t\t\t<div class=\"elementor-widget-container\">\n\t\t\t\t\t<div class=\"elementor-spacer\">\n\t\t\t<div class=\"elementor-spacer-inner\"><\/div>\n\t\t<\/div>\n\t\t\t\t<\/div>\n\t\t\t\t<\/div>\n\t\t\t\t<div class=\"elementor-element elementor-element-868d9a7 elementor-widget elementor-widget-text-editor\" data-id=\"868d9a7\" data-element_type=\"widget\" data-widget_type=\"text-editor.default\">\n\t\t\t\t<div class=\"elementor-widget-container\">\n\t\t\t<style>\/*! elementor - v3.12.2 - 23-04-2023 *\/\n.elementor-widget-text-editor.elementor-drop-cap-view-stacked .elementor-drop-cap{background-color:#69727d;color:#fff}.elementor-widget-text-editor.elementor-drop-cap-view-framed .elementor-drop-cap{color:#69727d;border:3px solid;background-color:transparent}.elementor-widget-text-editor:not(.elementor-drop-cap-view-default) .elementor-drop-cap{margin-top:8px}.elementor-widget-text-editor:not(.elementor-drop-cap-view-default) .elementor-drop-cap-letter{width:1em;height:1em}.elementor-widget-text-editor .elementor-drop-cap{float:left;text-align:center;line-height:1;font-size:50px}.elementor-widget-text-editor .elementor-drop-cap-letter{display:inline-block}<\/style>\t\t\t\t<p class=\"p1\"><span style=\"color: #ffffff;\"><strong>Bran\u017ca spo\u017cywcza<\/strong> &#8212; obs\u0142ugujemy firmy z bran\u017cy mi\u0119snej, ubojnie drobiu, przetw\u00f3rnie rybne, producent\u00f3w dan gotowych, s\u0142odyczy oraz przetw\u00f3rnie owoc\u00f3w <br>i warzyw. Prowadzimy procesy uboju, rozbioru, filetowania, trybowania, rozwa\u017cania, konfekcji, porcjowania i wiele innych. Przestrzegamy dobrych praktyk higienicznych oraz wytycznych BRC, ISF, ISO, HAACP.<\/span><\/p>\n<p class=\"p1\"><span style=\"color: #ffffff;\"><strong>Bran\u017ca logistyczna<\/strong> &#8211; zapewniamy obsad\u0119 wielkopowierzchniowych magazyn\u00f3w<br> i centr\u00f3w dystrybucyjnych. Zajmujemy si\u0119 roz\u0142adunkiem i za\u0142adunkiem, sortowaniem, logistyka e-commerce, co-packingiem,\netykietowaniem <br>i zgrzewaniem, obs\u0142ug\u0105 zwrot\u00f3w i konfekcj\u0105.<\/span><\/p>\n<p class=\"p1\"><span style=\"color: #ffffff;\"><strong>Bran\u017ca produkcyjna<\/strong> &#8211; dostarczamy personel produkcyjny do zak\u0142ad\u00f3w przemys\u0142owych tworz\u0105cych w metalu, drewnie i tworzywach sztucznych. Zapewniamy osoby z odpowiednimi zdolno\u015bciami manualnymi oraz umiej\u0119tno\u015bci\u0105 obs\u0142ugi maszyn produkcyjnych. Obs\u0142ugujemy magazyny, procesy produkcyjne oraz kontrole jako\u015bci.<\/span><\/p>\t\t\t\t\t\t<\/div>\n\t\t\t\t<\/div>\n\t\t\t\t\t<\/div>\n\t\t<\/div>\n\t\t\t\t\t\t\t<\/div>\n\t\t<\/section>\n\t\t\t\t\t\t\t<\/div>\n\t\t","protected":false},"excerpt":{"rendered":"<p>Bran\u017ca spo\u017cywcza &#8212; obs\u0142ugujemy firmy z bran\u017cy mi\u0119snej, ubojnie drobiu, przetw\u00f3rnie rybne, producent\u00f3w dan gotowych, s\u0142odyczy oraz przetw\u00f3rnie owoc\u00f3w i warzyw. Prowadzimy procesy uboju, rozbioru, filetowania, trybowania, rozwa\u017cania, konfekcji, porcjowania i wiele innych. Przestrzegamy dobrych praktyk higienicznych oraz wytycznych BRC, ISF, ISO, HAACP. Bran\u017ca logistyczna &#8211; zapewniamy obsad\u0119 wielkopowierzchniowych magazyn\u00f3w i centr\u00f3w dystrybucyjnych. Zajmujemy si\u0119&#8230;<\/p>\n","protected":false},"author":1,"featured_media":0,"parent":0,"menu_order":0,"comment_status":"closed","ping_status":"closed","template":"","meta":{"footnotes":""},"class_list":["post-21689","page","type-page","status-publish","hentry"],"_links":{"self":[{"href":"https:\/\/www.workman.com.pl\/index.php\/wp-json\/wp\/v2\/pages\/21689","targetHints":{"allow":["GET"]}}],"collection":[{"href":"https:\/\/www.workman.com.pl\/index.php\/wp-json\/wp\/v2\/pages"}],"about":[{"href":"https:\/\/www.workman.com.pl\/index.php\/wp-json\/wp\/v2\/types\/page"}],"author":[{"embeddable":true,"href":"https:\/\/www.workman.com.pl\/index.php\/wp-json\/wp\/v2\/users\/1"}],"replies":[{"embeddable":true,"href":"https:\/\/www.workman.com.pl\/index.php\/wp-json\/wp\/v2\/comments?post=21689"}],"version-history":[{"count":29,"href":"https:\/\/www.workman.com.pl\/index.php\/wp-json\/wp\/v2\/pages\/21689\/revisions"}],"predecessor-version":[{"id":21906,"href":"https:\/\/www.workman.com.pl\/index.php\/wp-json\/wp\/v2\/pages\/21689\/revisions\/21906"}],"wp:attachment":[{"href":"https:\/\/www.workman.com.pl\/index.php\/wp-json\/wp\/v2\/media?parent=21689"}],"curies":[{"name":"wp","href":"https:\/\/api.w.org\/{rel}","templated":true}]}}