{"id":21778,"date":"2023-05-04T10:39:44","date_gmt":"2023-05-04T08:39:44","guid":{"rendered":"http:\/\/www.workman.com.pl\/?page_id=21778"},"modified":"2023-05-04T11:36:59","modified_gmt":"2023-05-04T09:36:59","slug":"oferujemy","status":"publish","type":"page","link":"https:\/\/www.workman.com.pl\/index.php\/oferujemy\/","title":{"rendered":"Oferujemy"},"content":{"rendered":"\t\t<div data-elementor-type=\"wp-page\" data-elementor-id=\"21778\" class=\"elementor elementor-21778\">\n\t\t\t\t\t\t\t\t\t<section class=\"elementor-section elementor-top-section elementor-element elementor-element-35fd3ba elementor-section-full_width elementor-section-stretched elementor-section-height-default elementor-section-height-default\" data-id=\"35fd3ba\" data-element_type=\"section\" data-settings=\"{&quot;stretch_section&quot;:&quot;section-stretched&quot;,&quot;background_background&quot;:&quot;classic&quot;}\">\n\t\t\t\t\t\t<div class=\"elementor-container elementor-column-gap-default\">\n\t\t\t\t\t<div class=\"elementor-column elementor-col-50 elementor-top-column elementor-element elementor-element-cb42bd8\" data-id=\"cb42bd8\" data-element_type=\"column\">\n\t\t\t<div class=\"elementor-widget-wrap elementor-element-populated\">\n\t\t\t\t\t\t\t\t<div class=\"elementor-element elementor-element-1a5b11f elementor-widget elementor-widget-spacer\" data-id=\"1a5b11f\" data-element_type=\"widget\" data-widget_type=\"spacer.default\">\n\t\t\t\t<div class=\"elementor-widget-container\">\n\t\t\t<style>\/*! elementor - v3.12.2 - 23-04-2023 *\/\n.elementor-column .elementor-spacer-inner{height:var(--spacer-size)}.e-con{--container-widget-width:100%}.e-con-inner>.elementor-widget-spacer,.e-con>.elementor-widget-spacer{width:var(--container-widget-width,var(--spacer-size));--align-self:var(--container-widget-align-self,initial);--flex-shrink:0}.e-con-inner>.elementor-widget-spacer>.elementor-widget-container,.e-con-inner>.elementor-widget-spacer>.elementor-widget-container>.elementor-spacer,.e-con>.elementor-widget-spacer>.elementor-widget-container,.e-con>.elementor-widget-spacer>.elementor-widget-container>.elementor-spacer{height:100%}.e-con-inner>.elementor-widget-spacer>.elementor-widget-container>.elementor-spacer>.elementor-spacer-inner,.e-con>.elementor-widget-spacer>.elementor-widget-container>.elementor-spacer>.elementor-spacer-inner{height:var(--container-widget-height,var(--spacer-size))}<\/style>\t\t<div class=\"elementor-spacer\">\n\t\t\t<div class=\"elementor-spacer-inner\"><\/div>\n\t\t<\/div>\n\t\t\t\t<\/div>\n\t\t\t\t<\/div>\n\t\t\t\t<div class=\"elementor-element elementor-element-61e9ce6 elementor-widget elementor-widget-image\" data-id=\"61e9ce6\" data-element_type=\"widget\" data-widget_type=\"image.default\">\n\t\t\t\t<div class=\"elementor-widget-container\">\n\t\t\t<style>\/*! elementor - v3.12.2 - 23-04-2023 *\/\n.elementor-widget-image{text-align:center}.elementor-widget-image a{display:inline-block}.elementor-widget-image a img[src$=\".svg\"]{width:48px}.elementor-widget-image img{vertical-align:middle;display:inline-block}<\/style>\t\t\t\t\t\t\t\t\t\t\t\t<img loading=\"lazy\" decoding=\"async\" width=\"640\" height=\"554\" src=\"https:\/\/www.workman.com.pl\/wp-content\/uploads\/2023\/05\/bg_ofertujemy_s1.png\" class=\"attachment-large size-large wp-image-21780\" alt=\"\" srcset=\"https:\/\/www.workman.com.pl\/wp-content\/uploads\/2023\/05\/bg_ofertujemy_s1.png 711w, https:\/\/www.workman.com.pl\/wp-content\/uploads\/2023\/05\/bg_ofertujemy_s1-300x259.png 300w, https:\/\/www.workman.com.pl\/wp-content\/uploads\/2023\/05\/bg_ofertujemy_s1-80x68.png 80w, https:\/\/www.workman.com.pl\/wp-content\/uploads\/2023\/05\/bg_ofertujemy_s1-600x519.png 600w\" sizes=\"auto, (max-width: 640px) 100vw, 640px\" \/>\t\t\t\t\t\t\t\t\t\t\t\t\t\t\t<\/div>\n\t\t\t\t<\/div>\n\t\t\t\t<div class=\"elementor-element elementor-element-838b925 elementor-widget elementor-widget-spacer\" data-id=\"838b925\" data-element_type=\"widget\" data-widget_type=\"spacer.default\">\n\t\t\t\t<div class=\"elementor-widget-container\">\n\t\t\t\t\t<div class=\"elementor-spacer\">\n\t\t\t<div class=\"elementor-spacer-inner\"><\/div>\n\t\t<\/div>\n\t\t\t\t<\/div>\n\t\t\t\t<\/div>\n\t\t\t\t\t<\/div>\n\t\t<\/div>\n\t\t\t\t<div class=\"elementor-column elementor-col-50 elementor-top-column elementor-element elementor-element-58b3052\" data-id=\"58b3052\" data-element_type=\"column\">\n\t\t\t<div class=\"elementor-widget-wrap elementor-element-populated\">\n\t\t\t\t\t\t\t\t<div class=\"elementor-element elementor-element-c468b7b elementor-widget elementor-widget-spacer\" data-id=\"c468b7b\" data-element_type=\"widget\" data-widget_type=\"spacer.default\">\n\t\t\t\t<div class=\"elementor-widget-container\">\n\t\t\t\t\t<div class=\"elementor-spacer\">\n\t\t\t<div class=\"elementor-spacer-inner\"><\/div>\n\t\t<\/div>\n\t\t\t\t<\/div>\n\t\t\t\t<\/div>\n\t\t\t\t<div class=\"elementor-element elementor-element-a798242 elementor-widget elementor-widget-text-editor\" data-id=\"a798242\" data-element_type=\"widget\" data-widget_type=\"text-editor.default\">\n\t\t\t\t<div class=\"elementor-widget-container\">\n\t\t\t<style>\/*! elementor - v3.12.2 - 23-04-2023 *\/\n.elementor-widget-text-editor.elementor-drop-cap-view-stacked .elementor-drop-cap{background-color:#69727d;color:#fff}.elementor-widget-text-editor.elementor-drop-cap-view-framed .elementor-drop-cap{color:#69727d;border:3px solid;background-color:transparent}.elementor-widget-text-editor:not(.elementor-drop-cap-view-default) .elementor-drop-cap{margin-top:8px}.elementor-widget-text-editor:not(.elementor-drop-cap-view-default) .elementor-drop-cap-letter{width:1em;height:1em}.elementor-widget-text-editor .elementor-drop-cap{float:left;text-align:center;line-height:1;font-size:50px}.elementor-widget-text-editor .elementor-drop-cap-letter{display:inline-block}<\/style>\t\t\t\t<div class=\"title-inner\">\n<h2 class=\"title\"><span style=\"color: #ffffff;\">Odpowiadamy za:<\/span><\/h2>\n<\/div>\n<div class=\"description\">\n<ul>\n \t<li><span style=\"color: #ffffff;\">Rekrutacj\u0119 pracownik\u00f3w z zezwoleniem na prac\u0119 w Twojej firmie<\/span><\/li>\n \t<li><span style=\"color: #ffffff;\">Zarz\u0105dzanie obs\u0142ug\u0105 kadrow\u0105<\/span><\/li>\n \t<li><span style=\"color: #ffffff;\">Pe\u0142en pakiet ubezpiecze\u0144 pracownika<\/span><\/li>\n \t<li><span style=\"color: #ffffff;\">Key Account Managera m\u00f3wi\u0105cego po polsku, ukrai\u0144sku\/rosyjsku<\/span><\/li>\n \t<li><span style=\"color: #ffffff;\">Obs\u0142ug\u0119 prawn\u0105 PIP, ZUS, US, etc.<\/span><\/li>\n \t<li><span style=\"color: #ffffff;\">Transport do i z miejsca zamieszkania<\/span><\/li>\n \t<li><span style=\"color: #ffffff;\">Organizacj\u0119 miejsc noclegowych dla pracownik\u00f3w<\/span><\/li>\n<\/ul>\n<\/div>\t\t\t\t\t\t<\/div>\n\t\t\t\t<\/div>\n\t\t\t\t\t<\/div>\n\t\t<\/div>\n\t\t\t\t\t\t\t<\/div>\n\t\t<\/section>\n\t\t\t\t\t\t\t<\/div>\n\t\t","protected":false},"excerpt":{"rendered":"<p>Odpowiadamy za: Rekrutacj\u0119 pracownik\u00f3w z zezwoleniem na prac\u0119 w Twojej firmie Zarz\u0105dzanie obs\u0142ug\u0105 kadrow\u0105 Pe\u0142en pakiet ubezpiecze\u0144 pracownika Key Account Managera m\u00f3wi\u0105cego po polsku, ukrai\u0144sku\/rosyjsku Obs\u0142ug\u0119 prawn\u0105 PIP, ZUS, US, etc. Transport do i z miejsca zamieszkania Organizacj\u0119 miejsc noclegowych dla pracownik\u00f3w<\/p>\n","protected":false},"author":1,"featured_media":0,"parent":0,"menu_order":0,"comment_status":"closed","ping_status":"closed","template":"","meta":{"footnotes":""},"class_list":["post-21778","page","type-page","status-publish","hentry"],"_links":{"self":[{"href":"https:\/\/www.workman.com.pl\/index.php\/wp-json\/wp\/v2\/pages\/21778","targetHints":{"allow":["GET"]}}],"collection":[{"href":"https:\/\/www.workman.com.pl\/index.php\/wp-json\/wp\/v2\/pages"}],"about":[{"href":"https:\/\/www.workman.com.pl\/index.php\/wp-json\/wp\/v2\/types\/page"}],"author":[{"embeddable":true,"href":"https:\/\/www.workman.com.pl\/index.php\/wp-json\/wp\/v2\/users\/1"}],"replies":[{"embeddable":true,"href":"https:\/\/www.workman.com.pl\/index.php\/wp-json\/wp\/v2\/comments?post=21778"}],"version-history":[{"count":8,"href":"https:\/\/www.workman.com.pl\/index.php\/wp-json\/wp\/v2\/pages\/21778\/revisions"}],"predecessor-version":[{"id":21918,"href":"https:\/\/www.workman.com.pl\/index.php\/wp-json\/wp\/v2\/pages\/21778\/revisions\/21918"}],"wp:attachment":[{"href":"https:\/\/www.workman.com.pl\/index.php\/wp-json\/wp\/v2\/media?parent=21778"}],"curies":[{"name":"wp","href":"https:\/\/api.w.org\/{rel}","templated":true}]}}