{"id":21786,"date":"2023-05-04T10:44:45","date_gmt":"2023-05-04T08:44:45","guid":{"rendered":"http:\/\/www.workman.com.pl\/?page_id=21786"},"modified":"2023-05-04T11:38:00","modified_gmt":"2023-05-04T09:38:00","slug":"kariera","status":"publish","type":"page","link":"https:\/\/www.workman.com.pl\/index.php\/kariera\/","title":{"rendered":"Kariera"},"content":{"rendered":"\t\t<div data-elementor-type=\"wp-page\" data-elementor-id=\"21786\" class=\"elementor elementor-21786\">\n\t\t\t\t\t\t\t\t\t<section class=\"elementor-section elementor-top-section elementor-element elementor-element-f0e80b3 elementor-section-full_width elementor-section-stretched elementor-section-height-default elementor-section-height-default\" data-id=\"f0e80b3\" data-element_type=\"section\" data-settings=\"{&quot;stretch_section&quot;:&quot;section-stretched&quot;,&quot;background_background&quot;:&quot;classic&quot;}\">\n\t\t\t\t\t\t<div class=\"elementor-container elementor-column-gap-default\">\n\t\t\t\t\t<div class=\"elementor-column elementor-col-50 elementor-top-column elementor-element elementor-element-3c20528\" data-id=\"3c20528\" data-element_type=\"column\">\n\t\t\t<div class=\"elementor-widget-wrap elementor-element-populated\">\n\t\t\t\t\t\t\t\t<div class=\"elementor-element elementor-element-315ede2 elementor-widget elementor-widget-spacer\" data-id=\"315ede2\" data-element_type=\"widget\" data-widget_type=\"spacer.default\">\n\t\t\t\t<div class=\"elementor-widget-container\">\n\t\t\t<style>\/*! elementor - v3.12.2 - 23-04-2023 *\/\n.elementor-column .elementor-spacer-inner{height:var(--spacer-size)}.e-con{--container-widget-width:100%}.e-con-inner>.elementor-widget-spacer,.e-con>.elementor-widget-spacer{width:var(--container-widget-width,var(--spacer-size));--align-self:var(--container-widget-align-self,initial);--flex-shrink:0}.e-con-inner>.elementor-widget-spacer>.elementor-widget-container,.e-con-inner>.elementor-widget-spacer>.elementor-widget-container>.elementor-spacer,.e-con>.elementor-widget-spacer>.elementor-widget-container,.e-con>.elementor-widget-spacer>.elementor-widget-container>.elementor-spacer{height:100%}.e-con-inner>.elementor-widget-spacer>.elementor-widget-container>.elementor-spacer>.elementor-spacer-inner,.e-con>.elementor-widget-spacer>.elementor-widget-container>.elementor-spacer>.elementor-spacer-inner{height:var(--container-widget-height,var(--spacer-size))}<\/style>\t\t<div class=\"elementor-spacer\">\n\t\t\t<div class=\"elementor-spacer-inner\"><\/div>\n\t\t<\/div>\n\t\t\t\t<\/div>\n\t\t\t\t<\/div>\n\t\t\t\t<div class=\"elementor-element elementor-element-9f45d4c elementor-widget elementor-widget-image\" data-id=\"9f45d4c\" data-element_type=\"widget\" data-widget_type=\"image.default\">\n\t\t\t\t<div class=\"elementor-widget-container\">\n\t\t\t<style>\/*! elementor - v3.12.2 - 23-04-2023 *\/\n.elementor-widget-image{text-align:center}.elementor-widget-image a{display:inline-block}.elementor-widget-image a img[src$=\".svg\"]{width:48px}.elementor-widget-image img{vertical-align:middle;display:inline-block}<\/style>\t\t\t\t\t\t\t\t\t\t\t\t<img loading=\"lazy\" decoding=\"async\" width=\"640\" height=\"427\" src=\"https:\/\/www.workman.com.pl\/wp-content\/uploads\/2023\/05\/bg_kariera_s6.png\" class=\"attachment-large size-large wp-image-21788\" alt=\"\" srcset=\"https:\/\/www.workman.com.pl\/wp-content\/uploads\/2023\/05\/bg_kariera_s6.png 856w, https:\/\/www.workman.com.pl\/wp-content\/uploads\/2023\/05\/bg_kariera_s6-300x200.png 300w, https:\/\/www.workman.com.pl\/wp-content\/uploads\/2023\/05\/bg_kariera_s6-768x512.png 768w, https:\/\/www.workman.com.pl\/wp-content\/uploads\/2023\/05\/bg_kariera_s6-365x243.png 365w, https:\/\/www.workman.com.pl\/wp-content\/uploads\/2023\/05\/bg_kariera_s6-600x400.png 600w\" sizes=\"auto, (max-width: 640px) 100vw, 640px\" \/>\t\t\t\t\t\t\t\t\t\t\t\t\t\t\t<\/div>\n\t\t\t\t<\/div>\n\t\t\t\t<div class=\"elementor-element elementor-element-ac5d292 elementor-widget elementor-widget-spacer\" data-id=\"ac5d292\" data-element_type=\"widget\" data-widget_type=\"spacer.default\">\n\t\t\t\t<div class=\"elementor-widget-container\">\n\t\t\t\t\t<div class=\"elementor-spacer\">\n\t\t\t<div class=\"elementor-spacer-inner\"><\/div>\n\t\t<\/div>\n\t\t\t\t<\/div>\n\t\t\t\t<\/div>\n\t\t\t\t\t<\/div>\n\t\t<\/div>\n\t\t\t\t<div class=\"elementor-column elementor-col-50 elementor-top-column elementor-element elementor-element-c643667\" data-id=\"c643667\" data-element_type=\"column\">\n\t\t\t<div class=\"elementor-widget-wrap elementor-element-populated\">\n\t\t\t\t\t\t\t\t<div class=\"elementor-element elementor-element-0f39ad1 elementor-widget elementor-widget-spacer\" data-id=\"0f39ad1\" data-element_type=\"widget\" data-widget_type=\"spacer.default\">\n\t\t\t\t<div class=\"elementor-widget-container\">\n\t\t\t\t\t<div class=\"elementor-spacer\">\n\t\t\t<div class=\"elementor-spacer-inner\"><\/div>\n\t\t<\/div>\n\t\t\t\t<\/div>\n\t\t\t\t<\/div>\n\t\t\t\t<div class=\"elementor-element elementor-element-d5b12d3 elementor-widget elementor-widget-text-editor\" data-id=\"d5b12d3\" data-element_type=\"widget\" data-widget_type=\"text-editor.default\">\n\t\t\t\t<div class=\"elementor-widget-container\">\n\t\t\t<style>\/*! elementor - v3.12.2 - 23-04-2023 *\/\n.elementor-widget-text-editor.elementor-drop-cap-view-stacked .elementor-drop-cap{background-color:#69727d;color:#fff}.elementor-widget-text-editor.elementor-drop-cap-view-framed .elementor-drop-cap{color:#69727d;border:3px solid;background-color:transparent}.elementor-widget-text-editor:not(.elementor-drop-cap-view-default) .elementor-drop-cap{margin-top:8px}.elementor-widget-text-editor:not(.elementor-drop-cap-view-default) .elementor-drop-cap-letter{width:1em;height:1em}.elementor-widget-text-editor .elementor-drop-cap{float:left;text-align:center;line-height:1;font-size:50px}.elementor-widget-text-editor .elementor-drop-cap-letter{display:inline-block}<\/style>\t\t\t\t<h2><span style=\"color: #ffffff;\"><strong>Chcesz do\u0142\u0105czy\u0107\ndo naszego zespo\u0142u?<\/strong><\/span><\/h2>\n<h2><span style=\"color: #ff0000;\">Odezwij si\u0119!<\/span><\/h2>\n<span style=\"color: #ffffff;\">Poszukujemy specjalist\u00f3w na stanowisko:<\/span>\n<ul>\n \t<li><span style=\"color: #ffffff;\">Koordynator projektu<\/span><\/li>\n \t<li><span style=\"color: #ffffff;\">Rekruter<\/span><\/li>\n \t<li><span style=\"color: #ffffff;\">Specjalista ds. administracji<\/span><\/li>\n \t<li><span style=\"color: #ffffff;\">Specjalista ds. rozwoju rynku<\/span><\/li>\n<\/ul>\t\t\t\t\t\t<\/div>\n\t\t\t\t<\/div>\n\t\t\t\t\t<\/div>\n\t\t<\/div>\n\t\t\t\t\t\t\t<\/div>\n\t\t<\/section>\n\t\t\t\t\t\t\t<\/div>\n\t\t","protected":false},"excerpt":{"rendered":"<p>Chcesz do\u0142\u0105czy\u0107 do naszego zespo\u0142u? Odezwij si\u0119! Poszukujemy specjalist\u00f3w na stanowisko: Koordynator projektu Rekruter Specjalista ds. administracji Specjalista ds. rozwoju rynku<\/p>\n","protected":false},"author":1,"featured_media":0,"parent":0,"menu_order":0,"comment_status":"closed","ping_status":"closed","template":"","meta":{"footnotes":""},"class_list":["post-21786","page","type-page","status-publish","hentry"],"_links":{"self":[{"href":"https:\/\/www.workman.com.pl\/index.php\/wp-json\/wp\/v2\/pages\/21786","targetHints":{"allow":["GET"]}}],"collection":[{"href":"https:\/\/www.workman.com.pl\/index.php\/wp-json\/wp\/v2\/pages"}],"about":[{"href":"https:\/\/www.workman.com.pl\/index.php\/wp-json\/wp\/v2\/types\/page"}],"author":[{"embeddable":true,"href":"https:\/\/www.workman.com.pl\/index.php\/wp-json\/wp\/v2\/users\/1"}],"replies":[{"embeddable":true,"href":"https:\/\/www.workman.com.pl\/index.php\/wp-json\/wp\/v2\/comments?post=21786"}],"version-history":[{"count":11,"href":"https:\/\/www.workman.com.pl\/index.php\/wp-json\/wp\/v2\/pages\/21786\/revisions"}],"predecessor-version":[{"id":21924,"href":"https:\/\/www.workman.com.pl\/index.php\/wp-json\/wp\/v2\/pages\/21786\/revisions\/21924"}],"wp:attachment":[{"href":"https:\/\/www.workman.com.pl\/index.php\/wp-json\/wp\/v2\/media?parent=21786"}],"curies":[{"name":"wp","href":"https:\/\/api.w.org\/{rel}","templated":true}]}}