{"id":21794,"date":"2023-05-04T10:48:42","date_gmt":"2023-05-04T08:48:42","guid":{"rendered":"http:\/\/www.workman.com.pl\/?page_id=21794"},"modified":"2023-05-04T10:52:14","modified_gmt":"2023-05-04T08:52:14","slug":"ppdo","status":"publish","type":"page","link":"https:\/\/www.workman.com.pl\/index.php\/ppdo\/","title":{"rendered":"PPDO"},"content":{"rendered":"\t\t<div data-elementor-type=\"wp-page\" data-elementor-id=\"21794\" class=\"elementor elementor-21794\">\n\t\t\t\t\t\t\t\t\t<section class=\"elementor-section elementor-top-section elementor-element elementor-element-da3c761 elementor-section-boxed elementor-section-height-default elementor-section-height-default\" data-id=\"da3c761\" data-element_type=\"section\">\n\t\t\t\t\t\t<div class=\"elementor-container elementor-column-gap-default\">\n\t\t\t\t\t<div class=\"elementor-column elementor-col-100 elementor-top-column elementor-element elementor-element-97730fa\" data-id=\"97730fa\" data-element_type=\"column\">\n\t\t\t<div class=\"elementor-widget-wrap elementor-element-populated\">\n\t\t\t\t\t\t\t\t<div class=\"elementor-element elementor-element-711341c elementor-widget elementor-widget-text-editor\" data-id=\"711341c\" data-element_type=\"widget\" data-widget_type=\"text-editor.default\">\n\t\t\t\t<div class=\"elementor-widget-container\">\n\t\t\t<style>\/*! elementor - v3.12.2 - 23-04-2023 *\/\n.elementor-widget-text-editor.elementor-drop-cap-view-stacked .elementor-drop-cap{background-color:#69727d;color:#fff}.elementor-widget-text-editor.elementor-drop-cap-view-framed .elementor-drop-cap{color:#69727d;border:3px solid;background-color:transparent}.elementor-widget-text-editor:not(.elementor-drop-cap-view-default) .elementor-drop-cap{margin-top:8px}.elementor-widget-text-editor:not(.elementor-drop-cap-view-default) .elementor-drop-cap-letter{width:1em;height:1em}.elementor-widget-text-editor .elementor-drop-cap{float:left;text-align:center;line-height:1;font-size:50px}.elementor-widget-text-editor .elementor-drop-cap-letter{display:inline-block}<\/style>\t\t\t\t<div class=\"page-wrapper\"><div class=\"sections-container\"><article id=\"post-74387\" class=\"page-body style-light-bg post-74387 page type-page status-publish hentry\"><div class=\"post-wrapper\"><div class=\"post-body\"><div class=\"post-content un-no-sidebar-layout\"><div class=\"row-container\"><div class=\"row row-parent style-light limit-width double-top-padding double-bottom-padding\"><div class=\"post-title-wrapper\"><div class=\"page-wrapper\"><div class=\"sections-container\"><article id=\"post-74387\" class=\"page-body style-light-bg post-74387 page type-page status-publish hentry\"><div class=\"post-wrapper\"><div class=\"post-body\"><div class=\"post-content un-no-sidebar-layout\"><div class=\"row-container\"><div class=\"row row-parent style-light limit-width double-top-padding double-bottom-padding\"><div class=\"post-title-wrapper\"><h2 style=\"text-align: center;\"><span style=\"color: #ffffff;\">Polityka Przetwarzania Danych Osobowych<\/span><\/h2><p><span style=\"color: #ffffff;\">Polityka przetwarzania danych osobowych<\/span><br \/><span style=\"color: #ffffff;\">Maj\u0105c na uwadze obowi\u0105zek przekazania informacji, wynikaj\u0105cy z Rozporz\u0105dzenia Parlamentu Europejskiego i Rady (UE) 2016\/679 z 27 kwietnia 2016 r. w sprawie ochrony os\u00f3b fizycznych w zwi\u0105zku z przetwarzaniem danych osobowych i w sprawie swobodnego przep\u0142ywu takich danych oraz uchylenia dyrektywy 95\/46\/WE (zwanego dalej \u201eRODO\u201d) poni\u017cej przedstawiamy polityk\u0119 przetwarzania danych osobowych, w kt\u00f3rej znajd\u0105 Pa\u0144stwo wszystkie sposoby pozyskiwania i wykorzystywania przez nas danych osobowych zebranych za po\u015brednictwem strony <a style=\"color: #ffffff;\" href=\"https:\/\/workman.com.pl\">www.workman.com.pl<\/a>.<\/span><\/p><p><span style=\"color: #ffffff;\"><strong>1. Administrator danych<\/strong><\/span><\/p><p><span style=\"color: #ffffff;\">Administratorem Pa\u0144stwa danych osobowych jest Workman Sp. z o.o. z siedzib\u0105 we Wrze\u015bni, ul. Baczy\u0144skiego 15, 62 \u2013 300 Wrze\u015bnia, e-mail: biuro@workman.com.pl<\/span><\/p><p><span style=\"color: #ffffff;\"><strong>2. Cele, podstawy i czas przetwarzania danych osobowych<\/strong><\/span><\/p><p><span style=\"color: #ffffff;\">Dane osobowe udost\u0119pniane przez Pa\u0144stwo za po\u015brednictwem naszej strony s\u0105 przetwarzane i wykorzystywane przez nas wy\u0142\u0105cznie do wskazanych cel\u00f3w:<\/span><\/p><p><span style=\"color: #ffffff;\">\u2022 Korzystanie z formularza kontaktowego: Je\u015bli korzystaj\u0105 Pa\u0144stwo z formularza kontaktowego w celu zadania nam jakiego\u015b pytania, informacje ujawnione przez Pa\u0144stwo w tym formularzu, w tym Pa\u0144stwa dane kontaktowe, s\u0105 wykorzystywane do przetworzenia zapytania.<\/span><br \/><span style=\"color: #ffffff;\">Podstawa prawna: art. 6 ust. 1 lit a RODO, udzielona zgoda, wyra\u017cona dzia\u0142aniem poprzez przes\u0142ane formularza z danymi<\/span><\/p><p><span style=\"color: #ffffff;\">Czas przechowywania: Pa\u0144stwa dane osobowe b\u0119d\u0105 przechowywane przez okres przetwarzania zapytania i maksymalny okres 1 roku po zako\u0144czeniu przetwarzania, chyba \u017ce d\u0142u\u017cszy czas przechowywania jest prawnie dopuszczalny z innych powod\u00f3w.<\/span><\/p><p><span style=\"color: #ffffff;\">\u2022 Rekrutacja: przesy\u0142aj\u0105c do nas dobrowolnie swoje CV wyra\u017caj\u0105 Pa\u0144stwo zgod\u0119 na przetwarzanie danych osobowych w celu prowadzenia post\u0119powania rekrutacyjnego.<\/span><\/p><p><span style=\"color: #ffffff;\">Podstawa prawna: art. 6 ust. 1 lit a RODO, udzielona zgoda, wyra\u017cona dzia\u0142aniem poprzez przes\u0142ane CV \u2013 w zakresie wykraczaj\u0105cym poza przepisy Kodeksu Pracy.<\/span><\/p><p><span style=\"color: #ffffff;\">Czas przechowywania: dane os\u00f3b, kt\u00f3re nie zosta\u0142y wybrane w procesie rekrutacji usuniemy niezw\u0142ocznie po zako\u0144czeniu post\u0119powania rekrutacyjnego.<\/span><br \/><span style=\"color: #ffffff;\">\u2022 Korespondencja: Pa\u0144stwa dane osobowe przetwarzamy r\u00f3wnie\u017c koresponduj\u0105c z Pa\u0144stwem w drodze wiadomo\u015bci e-mail, jak r\u00f3wnie\u017c przy wykorzystaniu poczty tradycyjnej. W tym celu przetwarzamy dane w wielu r\u00f3\u017cnych kontekstach w zale\u017cno\u015bci od tre\u015bci korespondencji. W wi\u0119kszo\u015bci przetwarzanie danych ma na celu wykonanie um\u00f3w, realizacj\u0119 obowi\u0105zk\u00f3w prawnych, czy odpowied\u017a na zadane pytanie.<\/span><br \/><span style=\"color: #ffffff;\">Podstawa prawna: w zale\u017cno\u015bci od tre\u015bci wiadomo\u015bci, mo\u017ce to by\u0107 art. 6 ust. 1 lit b RODO \u2013 w zakresie przetwarzania danych poprzedzaj\u0105cych zawarcie umowy i a nast\u0119pnie jej dalsze wykonywanie, art. 6 ust. 1 lit c RODO \u2013 w zakresie wykonywania obowi\u0105zk\u00f3w prawnych oraz art. 6 ust. 1 lit f RODO prawnie uzasadniony interes Workman polegaj\u0105cy na udzielaniu odpowiedzi na pytania i korespondencj\u0119 z klientami, kontrahentami, pracownikami (w tym kandydatami i by\u0142ymi pracownikami) czy organami.<\/span><br \/><span style=\"color: #ffffff;\">Czas przechowywania: w zakresie wykonywania umowy, przez ca\u0142y okres prowadzenia wsp\u00f3\u0142pracy, a po jej zako\u0144czeniu, tak d\u0142ugo jak d\u0142ugo istnieje obowi\u0105zek przechowywania danych z uwagi na obowi\u0105zki podatkowe lub do przedawnienia roszcze\u0144. W zakresie przetwarzania dokonywanego na podstawie prawnie uzasadnionego interesu, nie d\u0142u\u017cej do czasu wniesienia sprzeciwu wobec dalszego przetwarzania danych.<\/span><\/p><p><span style=\"color: #ffffff;\"><strong>3. Przekazywanie i ujawnianie Pa\u0144stwa danych osobowych<\/strong><\/span><\/p><p><span style=\"color: #ffffff;\">Pa\u0144stwa dane osobowe mog\u0105 by\u0107 przekazywane do podmiot\u00f3w \u015bwiadcz\u0105cych na rzecz Workman us\u0142ugi techniczne i informatyczne (np. w zakresie hostingu poczty elektronicznej, utrzymania system\u00f3w informatycznych etc.) oraz do podmiot\u00f3w \u015bwiadcz\u0105cych us\u0142ugi pocztowe i kurierskie.<\/span><\/p><p><span style=\"color: #ffffff;\"><strong>4. Prawo zwi\u0105zane z przetwarzaniem danych<\/strong><\/span><\/p><p><span style=\"color: #ffffff;\">W zwi\u0105zku z przetwarzaniem przez Workman Pa\u0144stwa danych osobowych, maj\u0105 Pa\u0144stwo prawo do:<\/span><br \/><span style=\"color: #ffffff;\">\u2022 dost\u0119pu do danych,<\/span><br \/><span style=\"color: #ffffff;\">\u2022 sprostowania danych,<\/span><br \/><span style=\"color: #ffffff;\">\u2022 usuni\u0119cia danych (\u201eprawo do bycia zapomnianym\u201d)<\/span><br \/><span style=\"color: #ffffff;\">\u2022 ograniczenia przetwarzania danych,<\/span><br \/><span style=\"color: #ffffff;\">\u2022 wycofania udzielonej zgody, w dowolnym momencie,<\/span><br \/><span style=\"color: #ffffff;\">\u2022 wniesienia sprzeciwu wobec przetwarzania danych,<\/span><br \/><span style=\"color: #ffffff;\">\u2022 przeniesienia danych,<\/span><\/p><p><span style=\"color: #ffffff;\">Wszelkie \u017c\u0105dania oraz wszelkie inne pytania zwi\u0105zane z przetwarzaniem danych, prosimy przesy\u0142a\u0107 w spos\u00f3b wskazany w punkcie 6.<\/span><\/p><p><span style=\"color: #ffffff;\">Wycofanie przez Pa\u0144stwo zgody na przetwarzanie danych osobowych nie ma wp\u0142ywu na zgodno\u015b\u0107 z prawem przetwarzania dokonan\u0105 do czasu wycofania zgody.<\/span><\/p><p><span style=\"color: #ffffff;\">Maj\u0105 Pa\u0144stwo r\u00f3wnie\u017c r\u00f3wnie\u017c prawo do wniesienia skargi do organu nadzoru (w Polsce jest nim Prezes Urz\u0119du Ochrony Danych Osobowych).<\/span><\/p><p><span style=\"color: #ffffff;\"><strong>5. Obowi\u0105zek podania danych<\/strong><\/span><\/p><p><span style=\"color: #ffffff;\">Podanie przez Pa\u0144stwa danych osobowych dla wszystkich opisanych w niniejszej polityce czynno\u015bci jest dobrowolne. Brak podania danych b\u0119dzie skutkowa\u0142 brakiem mo\u017cliwo\u015bci ich wykorzystania w celu wskazanym w polityce.<\/span><\/p><p><span style=\"color: #ffffff;\"><strong>6. Kontakt<\/strong><\/span><\/p><p><span style=\"color: #ffffff;\">Wszelkie pytania dotycz\u0105ce Polityki prywatno\u015bci lub przetwarzania Twoich danych prosimy kierowa\u0107 do:<\/span><\/p><p><span style=\"color: #ffffff;\">Workman Sp. z o.o.<\/span><br \/><span style=\"color: #ffffff;\">ul. Baczy\u0144skiego 15<\/span><br \/><span style=\"color: #ffffff;\">62 \u2013 300 Wrze\u015bnia<\/span><br \/><span style=\"color: #ffffff;\"><a style=\"color: #ffffff;\" href=\"mailto:biuro@workman.com.pl\">biuro@workman.com.pl<\/a><\/span><\/p><p><span style=\"color: #ffffff;\">Workman Sp. z o.o. z siedzib\u0105 ul. Baczy\u0144skiego 15, 62-300 Wrze\u015bnia, NIP: 7891783271, KRS 0000751401, S\u0105d Rejonowy Pozna\u0144-Nowe Miasto i Wilda w Poznaniu, IX Wydzia\u0142 Gospodarczy Krajowego Rejestru S\u0105dowego. Kapita\u0142 Zak\u0142adowy: 5.000,00 z\u0142.<\/span><\/p><\/div><\/div><\/div><\/div><\/div><\/div><\/article><\/div><\/div><footer id=\"colophon\" class=\"site-footer\"><div class=\"vc_row row-container boomapps_vcrow\" data-parent=\"true\" data-section=\"0\"><div class=\"row limit-width row-parent\" data-imgready=\"true\"><div class=\"row-inner\"><div class=\"pos-top pos-center align_left column_parent col-lg-12 boomapps_vccolumn single-internal-gutter\"><div class=\"uncol style-light\"><div class=\"uncoltable\"><div class=\"uncell boomapps_vccolumn no-block-padding\"><div class=\"uncont\"><div class=\"uncode_text_column\">\u00a0<\/div><\/div><\/div><\/div><\/div><\/div><\/div><\/div><\/div><\/footer><\/div><\/div><\/div><\/div><\/div><\/div><\/article><\/div><\/div>\t\t\t\t\t\t<\/div>\n\t\t\t\t<\/div>\n\t\t\t\t\t<\/div>\n\t\t<\/div>\n\t\t\t\t\t\t\t<\/div>\n\t\t<\/section>\n\t\t\t\t\t\t\t<\/div>\n\t\t","protected":false},"excerpt":{"rendered":"<p>Polityka Przetwarzania Danych Osobowych Polityka przetwarzania danych osobowych Maj\u0105c na uwadze obowi\u0105zek przekazania informacji, wynikaj\u0105cy z Rozporz\u0105dzenia Parlamentu Europejskiego i Rady (UE) 2016\/679 z 27 kwietnia 2016 r. w sprawie ochrony os\u00f3b fizycznych w zwi\u0105zku z przetwarzaniem danych osobowych i w sprawie swobodnego przep\u0142ywu takich danych oraz uchylenia dyrektywy 95\/46\/WE (zwanego dalej \u201eRODO\u201d) poni\u017cej przedstawiamy&#8230;<\/p>\n","protected":false},"author":1,"featured_media":0,"parent":0,"menu_order":0,"comment_status":"closed","ping_status":"closed","template":"","meta":{"footnotes":""},"class_list":["post-21794","page","type-page","status-publish","hentry"],"_links":{"self":[{"href":"https:\/\/www.workman.com.pl\/index.php\/wp-json\/wp\/v2\/pages\/21794","targetHints":{"allow":["GET"]}}],"collection":[{"href":"https:\/\/www.workman.com.pl\/index.php\/wp-json\/wp\/v2\/pages"}],"about":[{"href":"https:\/\/www.workman.com.pl\/index.php\/wp-json\/wp\/v2\/types\/page"}],"author":[{"embeddable":true,"href":"https:\/\/www.workman.com.pl\/index.php\/wp-json\/wp\/v2\/users\/1"}],"replies":[{"embeddable":true,"href":"https:\/\/www.workman.com.pl\/index.php\/wp-json\/wp\/v2\/comments?post=21794"}],"version-history":[{"count":8,"href":"https:\/\/www.workman.com.pl\/index.php\/wp-json\/wp\/v2\/pages\/21794\/revisions"}],"predecessor-version":[{"id":21803,"href":"https:\/\/www.workman.com.pl\/index.php\/wp-json\/wp\/v2\/pages\/21794\/revisions\/21803"}],"wp:attachment":[{"href":"https:\/\/www.workman.com.pl\/index.php\/wp-json\/wp\/v2\/media?parent=21794"}],"curies":[{"name":"wp","href":"https:\/\/api.w.org\/{rel}","templated":true}]}}